{"id":5179,"date":"2023-03-08T13:39:12","date_gmt":"2023-03-08T13:39:12","guid":{"rendered":"https:\/\/www.ouluek.fi\/for-att-boka-ett-mote\/"},"modified":"2023-12-08T14:12:52","modified_gmt":"2023-12-08T14:12:52","slug":"for-att-boka-ett-mote","status":"publish","type":"page","link":"https:\/\/ouluek.fi\/sv\/for-att-boka-ett-mote\/","title":{"rendered":"Tidsbokning"},"content":{"rendered":"\t\t<div data-elementor-type=\"wp-page\" data-elementor-id=\"5179\" class=\"elementor elementor-5179 elementor-2460\" data-elementor-post-type=\"page\">\n\t\t\t\t\t\t<section class=\"elementor-section elementor-top-section elementor-element elementor-element-4b1fb5b6 elementor-section-boxed elementor-section-height-default elementor-section-height-default\" data-id=\"4b1fb5b6\" data-element_type=\"section\" data-e-type=\"section\">\n\t\t\t\t\t\t<div class=\"elementor-container elementor-column-gap-default\">\n\t\t\t\t\t<div class=\"elementor-column elementor-col-100 elementor-top-column elementor-element elementor-element-3b8d94c6\" data-id=\"3b8d94c6\" data-element_type=\"column\" data-e-type=\"column\">\n\t\t\t<div class=\"elementor-widget-wrap elementor-element-populated\">\n\t\t\t\t\t\t<section class=\"elementor-section elementor-inner-section elementor-element elementor-element-9eda993 elementor-section-boxed elementor-section-height-default elementor-section-height-default\" data-id=\"9eda993\" data-element_type=\"section\" data-e-type=\"section\">\n\t\t\t\t\t\t<div class=\"elementor-container elementor-column-gap-default\">\n\t\t\t\t\t<div class=\"elementor-column elementor-col-100 elementor-inner-column elementor-element elementor-element-6052e86\" data-id=\"6052e86\" data-element_type=\"column\" data-e-type=\"column\">\n\t\t\t<div class=\"elementor-widget-wrap elementor-element-populated\">\n\t\t\t\t\t\t<div class=\"elementor-element elementor-element-552606a elementor-widget elementor-widget-heading\" data-id=\"552606a\" data-element_type=\"widget\" data-e-type=\"widget\" data-widget_type=\"heading.default\">\n\t\t\t\t<div class=\"elementor-widget-container\">\n\t\t\t\t\t<h2 class=\"elementor-heading-title elementor-size-default\">\u00d6ppettider p\u00e5 djurkliniken Oulun El\u00e4inklinikka<\/h2>\t\t\t\t<\/div>\n\t\t\t\t<\/div>\n\t\t\t\t<div class=\"elementor-element elementor-element-4a21b87 elementor-widget elementor-widget-text-editor\" data-id=\"4a21b87\" data-element_type=\"widget\" data-e-type=\"widget\" data-widget_type=\"text-editor.default\">\n\t\t\t\t<div class=\"elementor-widget-container\">\n\t\t\t\t\t\t\t\t\t<p class=\"p2\"><strong>M\u00e5n-fre kl. 7-21<\/strong> <br \/>(jour kl. 7-23)<\/p>\n<p class=\"p2\"><strong>L\u00f6r kl. 9-17<\/strong> <br \/>(jour kl. 9-20)<\/p>\n\t\t\t\t\t\t\t\t<\/div>\n\t\t\t\t<\/div>\n\t\t\t\t\t<\/div>\n\t\t<\/div>\n\t\t\t\t\t<\/div>\n\t\t<\/section>\n\t\t\t\t<section class=\"elementor-section elementor-inner-section elementor-element elementor-element-a54bc26 elementor-section-boxed elementor-section-height-default elementor-section-height-default\" data-id=\"a54bc26\" data-element_type=\"section\" data-e-type=\"section\">\n\t\t\t\t\t\t<div class=\"elementor-container elementor-column-gap-default\">\n\t\t\t\t\t<div class=\"elementor-column elementor-col-33 elementor-inner-column elementor-element elementor-element-66789f5\" data-id=\"66789f5\" data-element_type=\"column\" data-e-type=\"column\">\n\t\t\t<div class=\"elementor-widget-wrap elementor-element-populated\">\n\t\t\t\t\t\t<div class=\"elementor-element elementor-element-6594a45 elementor-align-center elementor-widget elementor-widget-button\" data-id=\"6594a45\" data-element_type=\"widget\" data-e-type=\"widget\" data-widget_type=\"button.default\">\n\t\t\t\t<div class=\"elementor-widget-container\">\n\t\t\t\t\t\t\t\t\t<div class=\"elementor-button-wrapper\">\n\t\t\t\t\t<a class=\"elementor-button elementor-button-link elementor-size-sm\" href=\"#boka-tid-pa-webben\">\n\t\t\t\t\t\t<span class=\"elementor-button-content-wrapper\">\n\t\t\t\t\t\t\t\t\t<span class=\"elementor-button-text\">Boka tid p\u00e5 webben<\/span>\n\t\t\t\t\t<\/span>\n\t\t\t\t\t<\/a>\n\t\t\t\t<\/div>\n\t\t\t\t\t\t\t\t<\/div>\n\t\t\t\t<\/div>\n\t\t\t\t\t<\/div>\n\t\t<\/div>\n\t\t\t\t<div class=\"elementor-column elementor-col-33 elementor-inner-column elementor-element elementor-element-39aa9c6\" data-id=\"39aa9c6\" data-element_type=\"column\" data-e-type=\"column\">\n\t\t\t<div class=\"elementor-widget-wrap elementor-element-populated\">\n\t\t\t\t\t\t<div class=\"elementor-element elementor-element-d1d24ac elementor-align-center elementor-widget elementor-widget-button\" data-id=\"d1d24ac\" data-element_type=\"widget\" data-e-type=\"widget\" data-widget_type=\"button.default\">\n\t\t\t\t<div class=\"elementor-widget-container\">\n\t\t\t\t\t\t\t\t\t<div class=\"elementor-button-wrapper\">\n\t\t\t\t\t<a class=\"elementor-button elementor-button-link elementor-size-sm\" href=\"tel:+35885545850\">\n\t\t\t\t\t\t<span class=\"elementor-button-content-wrapper\">\n\t\t\t\t\t\t\t\t\t<span class=\"elementor-button-text\">Ring tidsbokningen <br>08 554 5850<\/span>\n\t\t\t\t\t<\/span>\n\t\t\t\t\t<\/a>\n\t\t\t\t<\/div>\n\t\t\t\t\t\t\t\t<\/div>\n\t\t\t\t<\/div>\n\t\t\t\t\t<\/div>\n\t\t<\/div>\n\t\t\t\t<div class=\"elementor-column elementor-col-33 elementor-inner-column elementor-element elementor-element-190f4fa\" data-id=\"190f4fa\" data-element_type=\"column\" data-e-type=\"column\">\n\t\t\t<div class=\"elementor-widget-wrap elementor-element-populated\">\n\t\t\t\t\t\t<div class=\"elementor-element elementor-element-96ae6ea elementor-align-center elementor-widget elementor-widget-button\" data-id=\"96ae6ea\" data-element_type=\"widget\" data-e-type=\"widget\" data-widget_type=\"button.default\">\n\t\t\t\t<div class=\"elementor-widget-container\">\n\t\t\t\t\t\t\t\t\t<div class=\"elementor-button-wrapper\">\n\t\t\t\t\t<a class=\"elementor-button elementor-button-link elementor-size-sm\" href=\"#kontaktbegaran\">\n\t\t\t\t\t\t<span class=\"elementor-button-content-wrapper\">\n\t\t\t\t\t\t\t\t\t<span class=\"elementor-button-text\">Boka tid med hj\u00e4lp av formul\u00e4ret<\/span>\n\t\t\t\t\t<\/span>\n\t\t\t\t\t<\/a>\n\t\t\t\t<\/div>\n\t\t\t\t\t\t\t\t<\/div>\n\t\t\t\t<\/div>\n\t\t\t\t\t<\/div>\n\t\t<\/div>\n\t\t\t\t\t<\/div>\n\t\t<\/section>\n\t\t\t\t\t<\/div>\n\t\t<\/div>\n\t\t\t\t\t<\/div>\n\t\t<\/section>\n\t\t\t\t<section class=\"elementor-section elementor-top-section elementor-element elementor-element-851fcb8 elementor-section-boxed elementor-section-height-default elementor-section-height-default\" data-id=\"851fcb8\" data-element_type=\"section\" data-e-type=\"section\" data-settings=\"{&quot;background_background&quot;:&quot;classic&quot;}\">\n\t\t\t\t\t\t<div class=\"elementor-container elementor-column-gap-default\">\n\t\t\t\t\t<div class=\"elementor-column elementor-col-100 elementor-top-column elementor-element elementor-element-26cfa91\" data-id=\"26cfa91\" data-element_type=\"column\" data-e-type=\"column\">\n\t\t\t<div class=\"elementor-widget-wrap elementor-element-populated\">\n\t\t\t\t\t\t<div class=\"elementor-element elementor-element-2ad0fc3 elementor-widget elementor-widget-heading\" data-id=\"2ad0fc3\" data-element_type=\"widget\" data-e-type=\"widget\" data-widget_type=\"heading.default\">\n\t\t\t\t<div class=\"elementor-widget-container\">\n\t\t\t\t\t<h2 class=\"elementor-heading-title elementor-size-default\">Mer information om tidsbokning p\u00e5 webben<\/h2>\t\t\t\t<\/div>\n\t\t\t\t<\/div>\n\t\t\t\t<div class=\"elementor-element elementor-element-db9a0a6 elementor-widget elementor-widget-text-editor\" data-id=\"db9a0a6\" data-element_type=\"widget\" data-e-type=\"widget\" data-widget_type=\"text-editor.default\">\n\t\t\t\t<div class=\"elementor-widget-container\">\n\t\t\t\t\t\t\t\t\t<p><a href=\"#varaa-aika-netista\">Kalendern f\u00f6r att boka tid p\u00e5 webben hittar du nedan<\/a>. Du kan boka tid f\u00f6r olika behandlingar, men observera att inte alla behandlingar kan bokas p\u00e5 webben eftersom de kan kr\u00e4va ett l\u00e4ngre bes\u00f6k eller ytterligare tester.<\/p>\n<p class=\"p2\">F\u00f6r <b>behandlingar som inte ing\u00e5r i tidsbokningskalendern<\/b>, v\u00e4nligen kontakta v\u00e5r tidsbokning per telefon <a href=\"tel:+35885545850\"><span class=\"s1\"><b>08 554 5850.<\/b><\/span><\/a> F\u00f6r tider som inte \u00e4r br\u00e5dskande<a href=\"#jata-yhteydenottopyynto\">kan du ocks\u00e5 skicka en kontaktbeg\u00e4ran<\/a> med hj\u00e4lp av formul\u00e4ret nedan.<span class=\"Apple-converted-space\"> <\/span><\/p>\n<p class=\"p1\">Observera att ett klinikbes\u00f6k som bokats p\u00e5 webben<strong>inte kan anv\u00e4ndas f\u00f6r n\u00e5gon annan behandling \u00e4n den som \u00e4r bokad<\/strong>. Vi bokar en ny tid f\u00f6r eventuella ytterligare unders\u00f6kningar eller behandlingar som kan beh\u00f6vas.<\/p>\n<p class=\"p2\">P\u00e5 s\u00e5 s\u00e4tt s\u00e4kerst\u00e4ller vi b\u00e4sta m\u00f6jliga v\u00e5rd f\u00f6r ditt husdjur. Samtidigt f\u00e5r du r\u00e5d om eventuella f\u00f6rberedelser och en prelimin\u00e4r uppskattning av kostnaden f\u00f6r behandlingen.<\/p>\n\t\t\t\t\t\t\t\t<\/div>\n\t\t\t\t<\/div>\n\t\t\t\t<div class=\"elementor-element elementor-element-0120ab4 elementor-widget elementor-widget-heading\" data-id=\"0120ab4\" data-element_type=\"widget\" data-e-type=\"widget\" data-widget_type=\"heading.default\">\n\t\t\t\t<div class=\"elementor-widget-container\">\n\t\t\t\t\t<h2 class=\"elementor-heading-title elementor-size-default\">Mer information om jouren vid djurkliniken Oulun El\u00e4inklinikka<\/h2>\t\t\t\t<\/div>\n\t\t\t\t<\/div>\n\t\t\t\t<div class=\"elementor-element elementor-element-cd60428 elementor-widget elementor-widget-text-editor\" data-id=\"cd60428\" data-element_type=\"widget\" data-e-type=\"widget\" data-widget_type=\"text-editor.default\">\n\t\t\t\t<div class=\"elementor-widget-container\">\n\t\t\t\t\t\t\t\t\t<p><strong>Under jourtid g\u00e4ller h\u00f6gre priser.<\/strong><\/p>\n<p>M\u00e5n-fre: kl. 7-21 (+50 %) och l\u00f6r: kl. 21-23 (+100 %)<br \/>L\u00f6r: kl. 9-17 (+50 %) och l\u00f6r: kl. 17-20 (+100 %)<\/p>\n\t\t\t\t\t\t\t\t<\/div>\n\t\t\t\t<\/div>\n\t\t\t\t<div class=\"elementor-element elementor-element-c454e21 elementor-widget elementor-widget-heading\" data-id=\"c454e21\" data-element_type=\"widget\" data-e-type=\"widget\" data-widget_type=\"heading.default\">\n\t\t\t\t<div class=\"elementor-widget-container\">\n\t\t\t\t\t<h2 class=\"elementor-heading-title elementor-size-default\">Avbokningar<\/h2>\t\t\t\t<\/div>\n\t\t\t\t<\/div>\n\t\t\t\t<div class=\"elementor-element elementor-element-e434bff elementor-widget elementor-widget-text-editor\" data-id=\"e434bff\" data-element_type=\"widget\" data-e-type=\"widget\" data-widget_type=\"text-editor.default\">\n\t\t\t\t<div class=\"elementor-widget-container\">\n\t\t\t\t\t\t\t\t\t<p class=\"p2\">Vid eventuella hinder ber vi dig avboka senast <b>24 timmar f\u00f6re den bokade tiden<\/b>.&nbsp;<br \/><span style=\"color: var( --e-global-color-2c080f7 );\">F\u00f6r tider som inte avbokas debiterar vi halva priset f\u00f6r den bokade behandlingen. Du kan avboka din tid antingen per telefon <\/span><a href=\"tel:+35885545850\" style=\"background-color: rgb(232, 249, 255);\"><span class=\"s1\"><b>(08) 554 5850<\/b><\/span><\/a><span style=\"color: var( --e-global-color-2c080f7 );\">&nbsp;eller per e-post&nbsp;<\/span><a href=\"mailto:info@ouluek.fi\" style=\"background-color: rgb(232, 249, 255);\"><span class=\"s1\"><b>info@ouluek.fi<\/b><\/span><\/a><span style=\"color: var( --e-global-color-2c080f7 );\">.<\/span><\/p>\n\t\t\t\t\t\t\t\t<\/div>\n\t\t\t\t<\/div>\n\t\t\t\t\t<\/div>\n\t\t<\/div>\n\t\t\t\t\t<\/div>\n\t\t<\/section>\n\t\t\t\t<section class=\"elementor-section elementor-top-section elementor-element elementor-element-9951642 elementor-section-boxed elementor-section-height-default elementor-section-height-default\" data-id=\"9951642\" data-element_type=\"section\" data-e-type=\"section\">\n\t\t\t\t\t\t<div class=\"elementor-container elementor-column-gap-default\">\n\t\t\t\t\t<div class=\"elementor-column elementor-col-100 elementor-top-column elementor-element elementor-element-61a5b87\" data-id=\"61a5b87\" data-element_type=\"column\" data-e-type=\"column\">\n\t\t\t<div class=\"elementor-widget-wrap elementor-element-populated\">\n\t\t\t\t\t\t<div class=\"elementor-element elementor-element-3c37f7c elementor-widget elementor-widget-menu-anchor\" data-id=\"3c37f7c\" data-element_type=\"widget\" data-e-type=\"widget\" data-widget_type=\"menu-anchor.default\">\n\t\t\t\t<div class=\"elementor-widget-container\">\n\t\t\t\t\t\t\t<div class=\"elementor-menu-anchor\" id=\"boka-tid-pa-webben\"><\/div>\n\t\t\t\t\t\t<\/div>\n\t\t\t\t<\/div>\n\t\t\t\t<div class=\"elementor-element elementor-element-1ffbe86 elementor-widget elementor-widget-html\" data-id=\"1ffbe86\" data-element_type=\"widget\" data-e-type=\"widget\" data-widget_type=\"html.default\">\n\t\t\t\t<div class=\"elementor-widget-container\">\n\t\t\t\t\t<iframe style=\"overflow: scroll; border: 1px solid #000; width: 100%; height: 900px;\" src=\"https:\/\/provetcloud.com\/4725\/onlinebooking\/?lang=fi\"><\/iframe>\t\t\t\t<\/div>\n\t\t\t\t<\/div>\n\t\t\t\t\t<\/div>\n\t\t<\/div>\n\t\t\t\t\t<\/div>\n\t\t<\/section>\n\t\t\t\t<section class=\"elementor-section elementor-top-section elementor-element elementor-element-a11204d elementor-section-boxed elementor-section-height-default elementor-section-height-default\" data-id=\"a11204d\" data-element_type=\"section\" data-e-type=\"section\">\n\t\t\t\t\t\t<div class=\"elementor-container elementor-column-gap-default\">\n\t\t\t\t\t<div class=\"elementor-column elementor-col-100 elementor-top-column elementor-element elementor-element-e9777ca\" data-id=\"e9777ca\" data-element_type=\"column\" data-e-type=\"column\">\n\t\t\t<div class=\"elementor-widget-wrap elementor-element-populated\">\n\t\t\t\t\t\t<div class=\"elementor-element elementor-element-44c5ab2 elementor-widget elementor-widget-menu-anchor\" data-id=\"44c5ab2\" data-element_type=\"widget\" data-e-type=\"widget\" data-widget_type=\"menu-anchor.default\">\n\t\t\t\t<div class=\"elementor-widget-container\">\n\t\t\t\t\t\t\t<div class=\"elementor-menu-anchor\" id=\"kontaktbegaran\"><\/div>\n\t\t\t\t\t\t<\/div>\n\t\t\t\t<\/div>\n\t\t\t\t<div class=\"elementor-element elementor-element-41a58fe elementor-widget elementor-widget-heading\" data-id=\"41a58fe\" data-element_type=\"widget\" data-e-type=\"widget\" data-widget_type=\"heading.default\">\n\t\t\t\t<div class=\"elementor-widget-container\">\n\t\t\t\t\t<h2 class=\"elementor-heading-title elementor-size-default\">L\u00e4mna en kontaktbeg\u00e4ran<\/h2>\t\t\t\t<\/div>\n\t\t\t\t<\/div>\n\t\t\t\t<div class=\"elementor-element elementor-element-ebef9da elementor-widget elementor-widget-text-editor\" data-id=\"ebef9da\" data-element_type=\"widget\" data-e-type=\"widget\" data-widget_type=\"text-editor.default\">\n\t\t\t\t<div class=\"elementor-widget-container\">\n\t\t\t\t\t\t\t\t\t<p style=\"text-align: center;\">Fyll i formul\u00e4ret nedan s\u00e5 kontaktar vi dig s\u00e5 snart som m\u00f6jligt.<\/p>\n\t\t\t\t\t\t\t\t<\/div>\n\t\t\t\t<\/div>\n\t\t\t\t<div class=\"elementor-element elementor-element-936f0e2 elementor-button-align-start elementor-widget elementor-widget-form\" data-id=\"936f0e2\" data-element_type=\"widget\" data-e-type=\"widget\" data-settings=\"{&quot;step_next_label&quot;:&quot;N\\u00e4sta&quot;,&quot;step_previous_label&quot;:&quot;F\\u00f6reg\\u00e5ende&quot;,&quot;button_width&quot;:&quot;100&quot;,&quot;step_type&quot;:&quot;number_text&quot;,&quot;step_icon_shape&quot;:&quot;circle&quot;}\" data-widget_type=\"form.default\">\n\t\t\t\t<div class=\"elementor-widget-container\">\n\t\t\t\t\t\t\t<form class=\"elementor-form\" method=\"post\" name=\"L\u00e4mna en kontaktbeg\u00e4ran\" aria-label=\"L\u00e4mna en kontaktbeg\u00e4ran\">\n\t\t\t<input type=\"hidden\" name=\"post_id\" value=\"5179\"\/>\n\t\t\t<input type=\"hidden\" name=\"form_id\" value=\"936f0e2\"\/>\n\t\t\t<input type=\"hidden\" name=\"referer_title\" value=\"Tidsbokning\" \/>\n\n\t\t\t\t\t\t\t<input type=\"hidden\" name=\"queried_id\" value=\"5179\"\/>\n\t\t\t\n\t\t\t<div class=\"elementor-form-fields-wrapper elementor-labels-above\">\n\t\t\t\t\t\t\t\t<div class=\"elementor-field-type-text elementor-field-group elementor-column elementor-field-group-name elementor-col-100 elementor-field-required\">\n\t\t\t\t\t\t\t\t\t\t\t\t<label for=\"form-field-name\" class=\"elementor-field-label\">\n\t\t\t\t\t\t\t\tNamn\t\t\t\t\t\t\t<\/label>\n\t\t\t\t\t\t\t\t\t\t\t\t\t\t<input size=\"1\" type=\"text\" name=\"form_fields[name]\" id=\"form-field-name\" class=\"elementor-field elementor-size-sm  elementor-field-textual\" required=\"required\">\n\t\t\t\t\t\t\t\t\t\t\t<\/div>\n\t\t\t\t\t\t\t\t<div class=\"elementor-field-type-email elementor-field-group elementor-column elementor-field-group-email elementor-col-100 elementor-field-required\">\n\t\t\t\t\t\t\t\t\t\t\t\t<label for=\"form-field-email\" class=\"elementor-field-label\">\n\t\t\t\t\t\t\t\tE-post\t\t\t\t\t\t\t<\/label>\n\t\t\t\t\t\t\t\t\t\t\t\t\t\t<input size=\"1\" type=\"email\" name=\"form_fields[email]\" id=\"form-field-email\" class=\"elementor-field elementor-size-sm  elementor-field-textual\" required=\"required\">\n\t\t\t\t\t\t\t\t\t\t\t<\/div>\n\t\t\t\t\t\t\t\t<div class=\"elementor-field-type-text elementor-field-group elementor-column elementor-field-group-field_46824d4 elementor-col-100\">\n\t\t\t\t\t\t\t\t\t\t\t\t<label for=\"form-field-field_46824d4\" class=\"elementor-field-label\">\n\t\t\t\t\t\t\t\tTelefonnummer\t\t\t\t\t\t\t<\/label>\n\t\t\t\t\t\t\t\t\t\t\t\t\t\t<input size=\"1\" type=\"text\" name=\"form_fields[field_46824d4]\" id=\"form-field-field_46824d4\" class=\"elementor-field elementor-size-sm  elementor-field-textual\">\n\t\t\t\t\t\t\t\t\t\t\t<\/div>\n\t\t\t\t\t\t\t\t<div class=\"elementor-field-type-checkbox elementor-field-group elementor-column elementor-field-group-field_649e3ca elementor-col-100\">\n\t\t\t\t\t\t\t\t\t\t\t\t<label for=\"form-field-field_649e3ca\" class=\"elementor-field-label\">\n\t\t\t\t\t\t\t\t\u00c4r \u00e4rendet br\u00e5dskande\/inte br\u00e5dskande?\t\t\t\t\t\t\t<\/label>\n\t\t\t\t\t\t<div class=\"elementor-field-subgroup  \"><span class=\"elementor-field-option\"><input type=\"checkbox\" value=\"Br\u00e5dskande\" id=\"form-field-field_649e3ca-0\" name=\"form_fields[field_649e3ca][]\"> <label for=\"form-field-field_649e3ca-0\">Br\u00e5dskande<\/label><\/span><span class=\"elementor-field-option\"><input type=\"checkbox\" value=\"Inte br\u00e5dskande\" id=\"form-field-field_649e3ca-1\" name=\"form_fields[field_649e3ca][]\"> <label for=\"form-field-field_649e3ca-1\">Inte br\u00e5dskande<\/label><\/span><span class=\"elementor-field-option\"><input type=\"checkbox\" value=\"Jag vet inte\" id=\"form-field-field_649e3ca-2\" name=\"form_fields[field_649e3ca][]\"> <label for=\"form-field-field_649e3ca-2\">Jag vet inte<\/label><\/span><\/div>\t\t\t\t<\/div>\n\t\t\t\t\t\t\t\t<div class=\"elementor-field-type-textarea elementor-field-group elementor-column elementor-field-group-message elementor-col-100\">\n\t\t\t\t\t\t\t\t\t\t\t\t<label for=\"form-field-message\" class=\"elementor-field-label\">\n\t\t\t\t\t\t\t\tI vilket \u00e4rende kan v\u00e5r klinik betj\u00e4na dig?\t\t\t\t\t\t\t<\/label>\n\t\t\t\t\t\t<textarea class=\"elementor-field-textual elementor-field  elementor-size-sm\" name=\"form_fields[message]\" id=\"form-field-message\" rows=\"4\"><\/textarea>\t\t\t\t<\/div>\n\t\t\t\t\t\t\t\t<div class=\"elementor-field-group elementor-column elementor-field-type-submit elementor-col-100 e-form__buttons\">\n\t\t\t\t\t<button class=\"elementor-button elementor-size-sm\" type=\"submit\">\n\t\t\t\t\t\t<span class=\"elementor-button-content-wrapper\">\n\t\t\t\t\t\t\t\t\t\t\t\t\t\t\t\t\t\t\t\t\t\t<span class=\"elementor-button-text\">Skicka<\/span>\n\t\t\t\t\t\t\t\t\t\t\t\t\t<\/span>\n\t\t\t\t\t<\/button>\n\t\t\t\t<\/div>\n\t\t\t<\/div>\n\t\t<\/form>\n\t\t\t\t\t\t<\/div>\n\t\t\t\t<\/div>\n\t\t\t\t\t<\/div>\n\t\t<\/div>\n\t\t\t\t\t<\/div>\n\t\t<\/section>\n\t\t\t\t<\/div>\n\t\t","protected":false},"excerpt":{"rendered":"<p>\u00d6ppettider p\u00e5 djurkliniken Oulun El\u00e4inklinikka M\u00e5n-fre kl. 7-21 (jour kl. 7-23) L\u00f6r kl. 9-17 (jour kl. 9-20) Boka tid p\u00e5 webben Ring tidsbokningen 08 554 5850 Boka tid med hj\u00e4lp av formul\u00e4ret Mer information om tidsbokning p\u00e5 webben Kalendern f\u00f6r att boka tid p\u00e5 webben hittar du nedan. Du kan boka tid f\u00f6r olika behandlingar, [&hellip;]<\/p>\n","protected":false},"author":1,"featured_media":5122,"parent":0,"menu_order":0,"comment_status":"open","ping_status":"open","template":"","meta":{"_acf_changed":false,"footnotes":""},"lemmikki":[],"class_list":["post-5179","page","type-page","status-publish","has-post-thumbnail","hentry"],"acf":[],"_links":{"self":[{"href":"https:\/\/ouluek.fi\/sv\/wp-json\/wp\/v2\/pages\/5179","targetHints":{"allow":["GET"]}}],"collection":[{"href":"https:\/\/ouluek.fi\/sv\/wp-json\/wp\/v2\/pages"}],"about":[{"href":"https:\/\/ouluek.fi\/sv\/wp-json\/wp\/v2\/types\/page"}],"author":[{"embeddable":true,"href":"https:\/\/ouluek.fi\/sv\/wp-json\/wp\/v2\/users\/1"}],"replies":[{"embeddable":true,"href":"https:\/\/ouluek.fi\/sv\/wp-json\/wp\/v2\/comments?post=5179"}],"version-history":[{"count":8,"href":"https:\/\/ouluek.fi\/sv\/wp-json\/wp\/v2\/pages\/5179\/revisions"}],"predecessor-version":[{"id":5451,"href":"https:\/\/ouluek.fi\/sv\/wp-json\/wp\/v2\/pages\/5179\/revisions\/5451"}],"wp:featuredmedia":[{"embeddable":true,"href":"https:\/\/ouluek.fi\/sv\/wp-json\/wp\/v2\/media\/5122"}],"wp:attachment":[{"href":"https:\/\/ouluek.fi\/sv\/wp-json\/wp\/v2\/media?parent=5179"}],"wp:term":[{"taxonomy":"lemmikki","embeddable":true,"href":"https:\/\/ouluek.fi\/sv\/wp-json\/wp\/v2\/lemmikki?post=5179"}],"curies":[{"name":"wp","href":"https:\/\/api.w.org\/{rel}","templated":true}]}}