{"id":5177,"date":"2023-03-08T13:39:16","date_gmt":"2023-03-08T13:39:16","guid":{"rendered":"https:\/\/www.ouluek.fi\/integritetspolicy\/"},"modified":"2023-12-13T13:42:39","modified_gmt":"2023-12-13T13:42:39","slug":"integritetspolicy","status":"publish","type":"page","link":"https:\/\/ouluek.fi\/sv\/integritetspolicy\/","title":{"rendered":"Dataskyddsbeskrivning"},"content":{"rendered":"\t\t<div data-elementor-type=\"wp-page\" data-elementor-id=\"5177\" class=\"elementor elementor-5177 elementor-2590\" data-elementor-post-type=\"page\">\n\t\t\t\t\t\t<section class=\"elementor-section elementor-top-section elementor-element elementor-element-0359cc8 elementor-section-boxed elementor-section-height-default elementor-section-height-default\" data-id=\"0359cc8\" data-element_type=\"section\" data-e-type=\"section\">\n\t\t\t\t\t\t<div class=\"elementor-container elementor-column-gap-default\">\n\t\t\t\t\t<div class=\"elementor-column elementor-col-100 elementor-top-column elementor-element elementor-element-e5c8664\" data-id=\"e5c8664\" data-element_type=\"column\" data-e-type=\"column\">\n\t\t\t<div class=\"elementor-widget-wrap elementor-element-populated\">\n\t\t\t\t\t\t<div class=\"elementor-element elementor-element-6b8bb3a elementor-widget elementor-widget-heading\" data-id=\"6b8bb3a\" data-element_type=\"widget\" data-e-type=\"widget\" data-widget_type=\"heading.default\">\n\t\t\t\t<div class=\"elementor-widget-container\">\n\t\t\t\t\t<h2 class=\"elementor-heading-title elementor-size-default\">Registerbeskrivning i enlighet med 10 \u00a7 i personuppgiftslagen (523\/99)<\/h2>\t\t\t\t<\/div>\n\t\t\t\t<\/div>\n\t\t\t\t<div class=\"elementor-element elementor-element-16b5788 elementor-widget elementor-widget-text-editor\" data-id=\"16b5788\" data-element_type=\"widget\" data-e-type=\"widget\" data-widget_type=\"text-editor.default\">\n\t\t\t\t<div class=\"elementor-widget-container\">\n\t\t\t\t\t\t\t\t\t<h3>1. Den registeransvarige<\/h3>\n<p>Oulun El\u00e4inklinikka Oy<br \/>Metsokankaantie 3<br \/>90420 Ule\u00e5borg<\/p>\n<h3>2. Kontaktperson i fr\u00e5gor som r\u00f6r registret<\/h3>\n<p>Juha Rautio, klinikchef<br \/>08-5545850<br \/>juha.rautio@ouluek.fi<\/p>\n<h3>3. Registrets namn<\/h3>\n<p>Register \u00f6ver patientuppgifter vid Oulun El\u00e4inklinikka Oy.<\/p>\n<h3>4. Syftet med behandlingen av personuppgifter<\/h3>\n<p>Personuppgifterna anv\u00e4nds f\u00f6r sk\u00f6tsel av kundens husdjur, kundkommunikation och kundmarknadsf\u00f6ring.<\/p>\n<h3>5. Datainneh\u00e5ll i registret<\/h3>\n<p>Registret kan inneh\u00e5lla uppgifter om kunder enligt f\u00f6ljande kategorier:<\/p>\n<p>Namn<br \/>E-postadress<br \/>Mobiltelefonnummer<br \/>Postadress<br \/>Kundnummer<\/p>\n<p>I registret samlas ocks\u00e5 uppgifter om kundens husdjur och bes\u00f6kshistorik i syfte att sk\u00f6ta djurens h\u00e4lsa och behandla sjukdomar.<\/p>\n<h3>6. Vanliga datak\u00e4llor f\u00f6r registret<\/h3>\n<p>Registret best\u00e5r av uppgifter som l\u00e4mnats av kunder hos Oulun El\u00e4inklinikka Oy. Kunden l\u00e4mnar uppgifterna i b\u00f6rjan av kundrelationen eller senare. I kundregistret sparas dessutom uppgifter om djuret medan kundrelationen p\u00e5g\u00e5r.<\/p>\n<h3>7. Regelbundet utl\u00e4mnande av uppgifter<\/h3>\n<p>Den registeransvariga l\u00e4mnar inte ut Kundernas personuppgifter till utomst\u00e5ende utan kundens specifika beg\u00e4ran och skriftliga samtycke, f\u00f6rutom om det kr\u00e4vs av finska myndigheter.<\/p>\n<p>Uppgifterna kan dock l\u00e4mnas ut till ett f\u00f6rs\u00e4kringsbolag om kunden och f\u00f6rs\u00e4kringsbolaget har ing\u00e5tt ett avtal och kunden ans\u00f6ker om ers\u00e4ttning fr\u00e5n f\u00f6rs\u00e4kringsbolaget via en direkters\u00e4ttningstj\u00e4nst i samband med en f\u00f6rs\u00e4kringsh\u00e4ndelse. Dessutom kan kundens personuppgifter l\u00e4mnas ut till ett finansbolag om kunden ans\u00f6ker om finansiering f\u00f6r sitt k\u00f6p. Dessutom kan kontaktuppgifter l\u00e4mnas ut i enlighet med villkoren f\u00f6r hittedjurss\u00f6kningen Siruhaku.fi.<\/p>\n<h3>8. Radering av uppgifter<\/h3>\n<p>Uppgifterna kan raderas p\u00e5 kundens beg\u00e4ran eller p\u00e5 grund av att kundrelationen upph\u00f6r.<\/p>\n<h3>9. Principer f\u00f6r registerskydd<\/h3>\n<p>Registret uppr\u00e4tth\u00e5lls som en upptagning i Finnish Net Solutions Oy:s datan\u00e4t. Finnish Net Solutions Oy:s datan\u00e4t och utrustningen d\u00e4r registret finns skyddas av l\u00f6senord och brandv\u00e4gg. De uppgifter som lagras i registret kan endast n\u00e5s och anv\u00e4ndas av vissa p\u00e5 f\u00f6rhand definierade anst\u00e4llda hos den registeransvariga och dess underleverant\u00f6rer.<\/p>\n<h3>10. F\u00f6rbudsr\u00e4tt<\/h3>\n<p>Kunden har r\u00e4tt att f\u00f6rbjuda behandlingen av sina uppgifter f\u00f6r direktmarknadsf\u00f6ring och andra marknadsf\u00f6rings\u00e4ndam\u00e5l. F\u00f6rbudet kan l\u00e4mnas i samband med att kundrelationen inleds eller skriftligen n\u00e4r som helst senare under kundrelationen.<\/p>\n<h3>11. Regelbundet utl\u00e4mnande och \u00f6verf\u00f6ring av uppgifter utanf\u00f6r EU eller Europeiska ekonomiska samarbetsomr\u00e5det<\/h3>\n<p>Den registeransvariga l\u00e4mnar inte ut uppgifter utanf\u00f6r EU eller EES utan en separat skriftlig beg\u00e4ran fr\u00e5n kunden.<\/p>\n<h3>12. Den registrerades r\u00e4tt till tillsyn<\/h3>\n<p>Den registrerade har r\u00e4tt att granska och f\u00e5 kopior av sina personuppgifter som lagras i registret. Beg\u00e4ran om tillsyn ska g\u00f6ras skriftligen.<\/p>\n<h3>13. Korrigering av uppgifter<\/h3>\n<p>Den registeransvariga korrigerar, raderar eller kompletterar personuppgifter i registret som \u00e4r felaktiga, on\u00f6diga, ofullst\u00e4ndiga eller f\u00f6r\u00e5ldrade med h\u00e4nsyn till \u00e4ndam\u00e5let med behandlingen p\u00e5 eget initiativ eller p\u00e5 beg\u00e4ran av den registrerade. Den registrerade ska skriftligen kontakta den registeransvarigas kontaktperson f\u00f6r register\u00e4renden f\u00f6r att f\u00e5 uppgifter r\u00e4ttade.<\/p>\n\t\t\t\t\t\t\t\t<\/div>\n\t\t\t\t<\/div>\n\t\t\t\t\t<\/div>\n\t\t<\/div>\n\t\t\t\t\t<\/div>\n\t\t<\/section>\n\t\t\t\t<\/div>\n\t\t","protected":false},"excerpt":{"rendered":"<p>Registerbeskrivning i enlighet med 10 \u00a7 i personuppgiftslagen (523\/99) 1. Den registeransvarige Oulun El\u00e4inklinikka OyMetsokankaantie 390420 Ule\u00e5borg 2. Kontaktperson i fr\u00e5gor som r\u00f6r registret Juha Rautio, klinikchef08-5545850juha.rautio@ouluek.fi 3. Registrets namn Register \u00f6ver patientuppgifter vid Oulun El\u00e4inklinikka Oy. 4. Syftet med behandlingen av personuppgifter Personuppgifterna anv\u00e4nds f\u00f6r sk\u00f6tsel av kundens husdjur, kundkommunikation och kundmarknadsf\u00f6ring. 5. Datainneh\u00e5ll [&hellip;]<\/p>\n","protected":false},"author":1,"featured_media":0,"parent":0,"menu_order":0,"comment_status":"open","ping_status":"open","template":"","meta":{"_acf_changed":false,"footnotes":""},"lemmikki":[],"class_list":["post-5177","page","type-page","status-publish","hentry"],"acf":[],"_links":{"self":[{"href":"https:\/\/ouluek.fi\/sv\/wp-json\/wp\/v2\/pages\/5177","targetHints":{"allow":["GET"]}}],"collection":[{"href":"https:\/\/ouluek.fi\/sv\/wp-json\/wp\/v2\/pages"}],"about":[{"href":"https:\/\/ouluek.fi\/sv\/wp-json\/wp\/v2\/types\/page"}],"author":[{"embeddable":true,"href":"https:\/\/ouluek.fi\/sv\/wp-json\/wp\/v2\/users\/1"}],"replies":[{"embeddable":true,"href":"https:\/\/ouluek.fi\/sv\/wp-json\/wp\/v2\/comments?post=5177"}],"version-history":[{"count":3,"href":"https:\/\/ouluek.fi\/sv\/wp-json\/wp\/v2\/pages\/5177\/revisions"}],"predecessor-version":[{"id":5350,"href":"https:\/\/ouluek.fi\/sv\/wp-json\/wp\/v2\/pages\/5177\/revisions\/5350"}],"wp:attachment":[{"href":"https:\/\/ouluek.fi\/sv\/wp-json\/wp\/v2\/media?parent=5177"}],"wp:term":[{"taxonomy":"lemmikki","embeddable":true,"href":"https:\/\/ouluek.fi\/sv\/wp-json\/wp\/v2\/lemmikki?post=5177"}],"curies":[{"name":"wp","href":"https:\/\/api.w.org\/{rel}","templated":true}]}}