{"id":5133,"date":"2023-01-17T15:41:56","date_gmt":"2023-01-17T15:41:56","guid":{"rendered":"https:\/\/www.ouluek.fi\/tack-for-att-du-kontaktade-oss\/"},"modified":"2023-12-13T13:45:09","modified_gmt":"2023-12-13T13:45:09","slug":"tack-for-att-du-kontaktade-oss","status":"publish","type":"page","link":"https:\/\/ouluek.fi\/sv\/tack-for-att-du-kontaktade-oss\/","title":{"rendered":"Tack f\u00f6r att du kontaktade oss"},"content":{"rendered":"\t\t<div data-elementor-type=\"wp-page\" data-elementor-id=\"5133\" class=\"elementor elementor-5133 elementor-2141\" data-elementor-post-type=\"page\">\n\t\t\t\t\t\t<section class=\"elementor-section elementor-top-section elementor-element elementor-element-2e3c94e0 elementor-section-boxed elementor-section-height-default elementor-section-height-default\" data-id=\"2e3c94e0\" data-element_type=\"section\" data-e-type=\"section\">\n\t\t\t\t\t\t<div class=\"elementor-container elementor-column-gap-default\">\n\t\t\t\t\t<div class=\"elementor-column elementor-col-100 elementor-top-column elementor-element elementor-element-564d9654\" data-id=\"564d9654\" data-element_type=\"column\" data-e-type=\"column\">\n\t\t\t<div class=\"elementor-widget-wrap elementor-element-populated\">\n\t\t\t\t\t\t<div class=\"elementor-element elementor-element-69f8db51 elementor-widget elementor-widget-text-editor\" data-id=\"69f8db51\" data-element_type=\"widget\" data-e-type=\"widget\" data-widget_type=\"text-editor.default\">\n\t\t\t\t<div class=\"elementor-widget-container\">\n\t\t\t\t\t\t\t\t\t<p>Vi har tagit emot ditt meddelande. Vi \u00e5terkommer s\u00e5 snart som m\u00f6jligt.<\/p>\n<p>Om du har fr\u00e5gor, v\u00e4nligen skicka ett e-postmeddelande till <a href=\"mailto:info@ouluek.fi\"><strong>info@ouluek.fi<\/strong><\/a> eller ring oss p\u00e5 tfn <a href=\"tel:+35885545850\"><strong>08 554 5850<\/strong><\/a>.<\/p>\n\t\t\t\t\t\t\t\t<\/div>\n\t\t\t\t<\/div>\n\t\t\t\t<div class=\"elementor-element elementor-element-642fea9 elementor-align-center elementor-widget elementor-widget-button\" data-id=\"642fea9\" data-element_type=\"widget\" data-e-type=\"widget\" data-widget_type=\"button.default\">\n\t\t\t\t<div class=\"elementor-widget-container\">\n\t\t\t\t\t\t\t\t\t<div class=\"elementor-button-wrapper\">\n\t\t\t\t\t<a class=\"elementor-button elementor-button-link elementor-size-sm\" href=\"https:\/\/ouluek.fi\/sv\/\">\n\t\t\t\t\t\t<span class=\"elementor-button-content-wrapper\">\n\t\t\t\t\t\t\t\t\t<span class=\"elementor-button-text\">G\u00e5 tillbaka till ing\u00e5ngssidan<\/span>\n\t\t\t\t\t<\/span>\n\t\t\t\t\t<\/a>\n\t\t\t\t<\/div>\n\t\t\t\t\t\t\t\t<\/div>\n\t\t\t\t<\/div>\n\t\t\t\t\t<\/div>\n\t\t<\/div>\n\t\t\t\t\t<\/div>\n\t\t<\/section>\n\t\t\t\t<\/div>\n\t\t","protected":false},"excerpt":{"rendered":"<p>Vi har tagit emot ditt meddelande. Vi \u00e5terkommer s\u00e5 snart som m\u00f6jligt. Om du har fr\u00e5gor, v\u00e4nligen skicka ett e-postmeddelande till info@ouluek.fi eller ring oss p\u00e5 tfn 08 554 5850. G\u00e5 tillbaka till ing\u00e5ngssidan<\/p>\n","protected":false},"author":1,"featured_media":0,"parent":0,"menu_order":0,"comment_status":"closed","ping_status":"closed","template":"","meta":{"_acf_changed":false,"footnotes":""},"lemmikki":[],"class_list":["post-5133","page","type-page","status-publish","hentry"],"acf":[],"_links":{"self":[{"href":"https:\/\/ouluek.fi\/sv\/wp-json\/wp\/v2\/pages\/5133","targetHints":{"allow":["GET"]}}],"collection":[{"href":"https:\/\/ouluek.fi\/sv\/wp-json\/wp\/v2\/pages"}],"about":[{"href":"https:\/\/ouluek.fi\/sv\/wp-json\/wp\/v2\/types\/page"}],"author":[{"embeddable":true,"href":"https:\/\/ouluek.fi\/sv\/wp-json\/wp\/v2\/users\/1"}],"replies":[{"embeddable":true,"href":"https:\/\/ouluek.fi\/sv\/wp-json\/wp\/v2\/comments?post=5133"}],"version-history":[{"count":3,"href":"https:\/\/ouluek.fi\/sv\/wp-json\/wp\/v2\/pages\/5133\/revisions"}],"predecessor-version":[{"id":5340,"href":"https:\/\/ouluek.fi\/sv\/wp-json\/wp\/v2\/pages\/5133\/revisions\/5340"}],"wp:attachment":[{"href":"https:\/\/ouluek.fi\/sv\/wp-json\/wp\/v2\/media?parent=5133"}],"wp:term":[{"taxonomy":"lemmikki","embeddable":true,"href":"https:\/\/ouluek.fi\/sv\/wp-json\/wp\/v2\/lemmikki?post=5133"}],"curies":[{"name":"wp","href":"https:\/\/api.w.org\/{rel}","templated":true}]}}